{"id":93,"date":"2025-10-14T22:00:01","date_gmt":"2025-10-14T22:00:01","guid":{"rendered":"https:\/\/tivitify.com\/?post_type=product&#038;p=93"},"modified":"2025-10-18T20:37:10","modified_gmt":"2025-10-18T20:37:10","slug":"protez-tirnak-uygulayicisi","status":"publish","type":"product","link":"https:\/\/tivitify.com\/?product=protez-tirnak-uygulayicisi","title":{"rendered":"Kaba \u0130n\u015faat Sekt\u00f6r\u00fc MYK Belgeleri"},"content":{"rendered":"<p><a href=\"https:\/\/tivitify.com\/wp-content\/uploads\/2025\/10\/12UY0048-3-Rev-01-Duvarci.pdf\">12UY0048-3 Rev 01 Duvarc\u0131<\/a><\/p>\n<p><a href=\"https:\/\/tivitify.com\/wp-content\/uploads\/2025\/10\/11UMS0156-3-Rev-01-Alci-Siva-Uygulayicisi.pdf\">11UMS0156-3 Rev 01 Al\u00e7\u0131 S\u0131va Uygulay\u0131c\u0131s\u0131<\/a><\/p>\n<p><a href=\"https:\/\/tivitify.com\/wp-content\/uploads\/2025\/10\/12UY0054-3-Rev-01-Alci-Levha-Uygulayicisi.pdf\">12UY0054-3 Rev 01 Al\u00e7\u0131 Levha Uygulay\u0131c\u0131s\u0131<\/a><\/p>\n<p><a href=\"https:\/\/tivitify.com\/wp-content\/uploads\/2025\/10\/12UY0049-3-Rev-00-Betoncu.pdf\">12UY0049-3 Rev 00 Betoncu<\/a><\/p>\n<p><a href=\"https:\/\/tivitify.com\/wp-content\/uploads\/2025\/10\/12UY0048-3-Rev-01-Duvarci-1.pdf\">12UY0048-3 Rev 01 Duvarc\u0131<\/a><\/p>\n<p><a href=\"https:\/\/tivitify.com\/wp-content\/uploads\/2025\/10\/10UMS0081-3-Rev-01-Ahsap-Kalipci-1.pdf\">10UMS0081-3 Rev 01 Ah\u015fap Kal\u0131p\u00e7\u0131 (1)<\/a><\/p>\n<p>&nbsp;<\/p>\n","protected":false},"excerpt":{"rendered":"<p>Ah\u015fap Kal\u0131p\u00e7\u0131, Duvarc\u0131, Betoncu, \u0130n\u015faat \u0130\u015f\u00e7isi, Betonarme Demircisi, Al\u00e7\u0131 Levha Uygulay\u0131c\u0131s\u0131 MYK Belgeleri<\/p>\n","protected":false},"featured_media":162,"comment_status":"open","ping_status":"closed","template":"","meta":[],"product_brand":[],"product_cat":[17],"product_tag":[],"class_list":{"0":"post-93","1":"product","2":"type-product","3":"status-publish","4":"has-post-thumbnail","6":"product_cat-myk-belgeleri","8":"first","9":"instock","10":"taxable","11":"shipping-taxable","12":"purchasable","13":"product-type-variable"},"_links":{"self":[{"href":"https:\/\/tivitify.com\/index.php?rest_route=\/wp\/v2\/product\/93","targetHints":{"allow":["GET"]}}],"collection":[{"href":"https:\/\/tivitify.com\/index.php?rest_route=\/wp\/v2\/product"}],"about":[{"href":"https:\/\/tivitify.com\/index.php?rest_route=\/wp\/v2\/types\/product"}],"replies":[{"embeddable":true,"href":"https:\/\/tivitify.com\/index.php?rest_route=%2Fwp%2Fv2%2Fcomments&post=93"}],"wp:featuredmedia":[{"embeddable":true,"href":"https:\/\/tivitify.com\/index.php?rest_route=\/wp\/v2\/media\/162"}],"wp:attachment":[{"href":"https:\/\/tivitify.com\/index.php?rest_route=%2Fwp%2Fv2%2Fmedia&parent=93"}],"wp:term":[{"taxonomy":"product_brand","embeddable":true,"href":"https:\/\/tivitify.com\/index.php?rest_route=%2Fwp%2Fv2%2Fproduct_brand&post=93"},{"taxonomy":"product_cat","embeddable":true,"href":"https:\/\/tivitify.com\/index.php?rest_route=%2Fwp%2Fv2%2Fproduct_cat&post=93"},{"taxonomy":"product_tag","embeddable":true,"href":"https:\/\/tivitify.com\/index.php?rest_route=%2Fwp%2Fv2%2Fproduct_tag&post=93"}],"curies":[{"name":"wp","href":"https:\/\/api.w.org\/{rel}","templated":true}]}}