{"id":89,"date":"2025-10-14T21:45:39","date_gmt":"2025-10-14T21:45:39","guid":{"rendered":"https:\/\/tivitify.com\/?post_type=product&#038;p=89"},"modified":"2025-10-18T20:34:47","modified_gmt":"2025-10-18T20:34:47","slug":"epilasyon-uzmani","status":"publish","type":"product","link":"https:\/\/tivitify.com\/?product=epilasyon-uzmani","title":{"rendered":"\u0130n\u015faat \u0130nce \u0130\u015fler MYK Belgeleri"},"content":{"rendered":"<p><a href=\"https:\/\/tivitify.com\/wp-content\/uploads\/2025\/10\/11UMS0135-3-Rev-00-Sivaci.pdf\">11UMS0135-3 Rev 00 S\u0131vac\u0131<\/a><\/p>\n<p><a href=\"https:\/\/tivitify.com\/wp-content\/uploads\/2025\/10\/11UMS0156-3-Rev-01-Alci-Siva-Uygulayicisi-1.pdf\">11UMS0156-3 Rev 01 Al\u00e7\u0131 S\u0131va Uygulay\u0131c\u0131s\u0131<\/a><\/p>\n<p><a href=\"https:\/\/tivitify.com\/wp-content\/uploads\/2025\/10\/11UY0023-3-Rev-03-Insaat-Boyacisi-1.pdf\">11UY0023-3 Rev 03 \u0130n\u015faat Boyac\u0131s\u0131<\/a><\/p>\n","protected":false},"excerpt":{"rendered":"<p>Al\u00e7\u0131 S\u0131vac\u0131, S\u0131vac\u0131, Boyac\u0131 MYK Belgeleri<\/p>\n","protected":false},"featured_media":180,"comment_status":"open","ping_status":"closed","template":"","meta":[],"product_brand":[],"product_cat":[17],"product_tag":[],"class_list":{"0":"post-89","1":"product","2":"type-product","3":"status-publish","4":"has-post-thumbnail","6":"product_cat-myk-belgeleri","8":"first","9":"instock","10":"taxable","11":"shipping-taxable","12":"purchasable","13":"product-type-variable"},"_links":{"self":[{"href":"https:\/\/tivitify.com\/index.php?rest_route=\/wp\/v2\/product\/89","targetHints":{"allow":["GET"]}}],"collection":[{"href":"https:\/\/tivitify.com\/index.php?rest_route=\/wp\/v2\/product"}],"about":[{"href":"https:\/\/tivitify.com\/index.php?rest_route=\/wp\/v2\/types\/product"}],"replies":[{"embeddable":true,"href":"https:\/\/tivitify.com\/index.php?rest_route=%2Fwp%2Fv2%2Fcomments&post=89"}],"wp:featuredmedia":[{"embeddable":true,"href":"https:\/\/tivitify.com\/index.php?rest_route=\/wp\/v2\/media\/180"}],"wp:attachment":[{"href":"https:\/\/tivitify.com\/index.php?rest_route=%2Fwp%2Fv2%2Fmedia&parent=89"}],"wp:term":[{"taxonomy":"product_brand","embeddable":true,"href":"https:\/\/tivitify.com\/index.php?rest_route=%2Fwp%2Fv2%2Fproduct_brand&post=89"},{"taxonomy":"product_cat","embeddable":true,"href":"https:\/\/tivitify.com\/index.php?rest_route=%2Fwp%2Fv2%2Fproduct_cat&post=89"},{"taxonomy":"product_tag","embeddable":true,"href":"https:\/\/tivitify.com\/index.php?rest_route=%2Fwp%2Fv2%2Fproduct_tag&post=89"}],"curies":[{"name":"wp","href":"https:\/\/api.w.org\/{rel}","templated":true}]}}