{"id":83,"date":"2025-10-14T19:38:50","date_gmt":"2025-10-14T19:38:50","guid":{"rendered":"https:\/\/tivitify.com\/?post_type=product&#038;p=83"},"modified":"2025-10-18T21:50:24","modified_gmt":"2025-10-18T21:50:24","slug":"hijyen-belgesi","status":"publish","type":"product","link":"https:\/\/tivitify.com\/?product=hijyen-belgesi","title":{"rendered":"H\u0130JYEN BELGES\u0130"},"content":{"rendered":"<p><strong>TIVITIFY&#8217;da alaca\u011f\u0131n\u0131z Hijyen belgesi<\/strong>, devlet onayl\u0131 ve hijyen standartlar\u0131na uygun \u00e7al\u0131\u015f\u0131ld\u0131\u011f\u0131n\u0131 g\u00f6steren resmi bir sertifikad\u0131r.<\/p>\n<div data-breakout=\"normal\">\n<p id=\"viewer-altcn7040\" class=\"-kA22 pbpjT YY-zb _3DWex\" dir=\"auto\"><span class=\"k6Gbk\">Hijyen belgesi alarak i\u015f ba\u015fvurular\u0131nda yasal gereklilikleri yerine getirebilir ve rakip adaylardan bir ad\u0131m \u00f6nde olabilirsiniz. \u0130\u015f arayanlar i\u00e7in hijyen belgesi alman\u0131n faydalar\u0131 \u015funlard\u0131r:<\/span><\/p>\n<\/div>\n<div data-breakout=\"normal\">\n<ul class=\"e0ul2 YY-zb\">\n<li class=\"_5EHX7\" dir=\"auto\" aria-level=\"1\">\n<p id=\"viewer-f3xdt7045\" class=\"-kA22 pbpjT YY-zb _3DWex\" dir=\"\"><span class=\"k6Gbk\"><strong>Yasal Zorunluluk Sa\u011flar<\/strong>: Hijyen belgesi, g\u0131da ve sa\u011fl\u0131k sekt\u00f6rlerinde \u00e7al\u0131\u015fmak isteyenler i\u00e7in zorunludur.<\/span><\/p>\n<\/li>\n<li class=\"_5EHX7\" dir=\"auto\" aria-level=\"1\">\n<p id=\"viewer-6tt1c7049\" class=\"-kA22 pbpjT YY-zb _3DWex\" dir=\"\"><span class=\"k6Gbk\"><strong>Rekabet Avantaj\u0131<\/strong>: Hijyen belgesine sahip adaylar, i\u015f g\u00f6r\u00fc\u015fmelerinde di\u011fer adaylara g\u00f6re \u00f6ne \u00e7\u0131kar.<\/span><\/p>\n<\/li>\n<li class=\"_5EHX7\" dir=\"auto\" aria-level=\"1\">\n<p id=\"viewer-n2ize7053\" class=\"-kA22 pbpjT YY-zb _3DWex\" dir=\"\"><span class=\"k6Gbk\"><strong>G\u00fcvenli ve Sa\u011fl\u0131kl\u0131 \u00c7al\u0131\u015fma Ortam\u0131<\/strong>: Hijyen kurallar\u0131na uygun \u00e7al\u0131\u015fmak, i\u015f yerinde sa\u011fl\u0131kl\u0131 bir ortam yaratman\u0131za katk\u0131da bulunur.<\/span><\/p>\n<p>Hijyen belgesi ile \u00e7al\u0131\u015fabilece\u011finiz ba\u015fl\u0131ca i\u015f alanlar\u0131:<\/p>\n<div data-hook=\"rcv-block23\"><\/div>\n<div data-breakout=\"normal\">\n<ul class=\"e0ul2 YY-zb\">\n<li class=\"_5EHX7\" dir=\"auto\" aria-level=\"1\">\n<p id=\"viewer-zotrw7080\" class=\"-kA22 pbpjT YY-zb _3DWex\" dir=\"\"><span class=\"k6Gbk\"><strong>Restoran ve Kafeler<\/strong>: Mutfakta \u00e7al\u0131\u015fanlar i\u00e7in hijyen belgesi yasal bir gerekliliktir.<\/span><\/p>\n<\/li>\n<li class=\"_5EHX7\" dir=\"auto\" aria-level=\"1\">\n<p id=\"viewer-aty7l7084\" class=\"-kA22 pbpjT YY-zb _3DWex\" dir=\"\"><span class=\"k6Gbk\"><strong>G\u00fczellik Salonlar\u0131 ve Kuaf\u00f6rler<\/strong>: G\u00fczellik merkezlerinde hijyen belgeli personel tercih edilir.<\/span><\/p>\n<\/li>\n<li class=\"_5EHX7\" dir=\"auto\" aria-level=\"1\">\n<p id=\"viewer-ifetc7088\" class=\"-kA22 pbpjT YY-zb _3DWex\" dir=\"\"><span class=\"k6Gbk\"><strong>Sa\u011fl\u0131k Kurulu\u015flar\u0131<\/strong>: Di\u015f klinikleri, sa\u011fl\u0131k merkezleri ve bak\u0131m evleri gibi sa\u011fl\u0131k kurulu\u015flar\u0131nda hijyen belgesi \u015fartt\u0131r.<\/span><\/p>\n<\/li>\n<\/ul>\n<\/div>\n<\/li>\n<\/ul>\n<\/div>\n","protected":false},"excerpt":{"rendered":"<p><strong>TIVITIFY&#8217;da alaca\u011f\u0131n\u0131z Hijyen belgesi<\/strong>, devlet onayl\u0131 ve hijyen standartlar\u0131na uygun \u00e7al\u0131\u015f\u0131ld\u0131\u011f\u0131n\u0131 g\u00f6steren resmi bir sertifikad\u0131r.<\/p>\n","protected":false},"featured_media":104,"comment_status":"open","ping_status":"closed","template":"","meta":[],"product_brand":[],"product_cat":[25],"product_tag":[],"class_list":{"0":"post-83","1":"product","2":"type-product","3":"status-publish","4":"has-post-thumbnail","6":"product_cat-hijyen-belgesi","8":"first","9":"instock","10":"virtual","11":"taxable","12":"purchasable","13":"product-type-simple"},"_links":{"self":[{"href":"https:\/\/tivitify.com\/index.php?rest_route=\/wp\/v2\/product\/83","targetHints":{"allow":["GET"]}}],"collection":[{"href":"https:\/\/tivitify.com\/index.php?rest_route=\/wp\/v2\/product"}],"about":[{"href":"https:\/\/tivitify.com\/index.php?rest_route=\/wp\/v2\/types\/product"}],"replies":[{"embeddable":true,"href":"https:\/\/tivitify.com\/index.php?rest_route=%2Fwp%2Fv2%2Fcomments&post=83"}],"wp:featuredmedia":[{"embeddable":true,"href":"https:\/\/tivitify.com\/index.php?rest_route=\/wp\/v2\/media\/104"}],"wp:attachment":[{"href":"https:\/\/tivitify.com\/index.php?rest_route=%2Fwp%2Fv2%2Fmedia&parent=83"}],"wp:term":[{"taxonomy":"product_brand","embeddable":true,"href":"https:\/\/tivitify.com\/index.php?rest_route=%2Fwp%2Fv2%2Fproduct_brand&post=83"},{"taxonomy":"product_cat","embeddable":true,"href":"https:\/\/tivitify.com\/index.php?rest_route=%2Fwp%2Fv2%2Fproduct_cat&post=83"},{"taxonomy":"product_tag","embeddable":true,"href":"https:\/\/tivitify.com\/index.php?rest_route=%2Fwp%2Fv2%2Fproduct_tag&post=83"}],"curies":[{"name":"wp","href":"https:\/\/api.w.org\/{rel}","templated":true}]}}