{"id":138,"date":"2025-10-18T15:53:09","date_gmt":"2025-10-18T15:53:09","guid":{"rendered":"https:\/\/tivitify.com\/?post_type=product&#038;p=138"},"modified":"2025-10-18T16:21:23","modified_gmt":"2025-10-18T16:21:23","slug":"makine-sekotru-myk-belgeleri","status":"publish","type":"product","link":"https:\/\/tivitify.com\/?product=makine-sekotru-myk-belgeleri","title":{"rendered":"Kuaf\u00f6r ve G\u00fczellik Sekt\u00f6r\u00fc MYK Belgeleri"},"content":{"rendered":"<p><a href=\"https:\/\/tivitify.com\/wp-content\/uploads\/2025\/10\/16UY0247-3-Rev-00-Protez-Tirnak-Uygulayicisi.pdf\">Protez T\u0131rnak Uygulay\u0131c\u0131s\u0131 Bilgi Kitap\u00e7\u0131\u011f\u0131<\/a><br \/>\n<a href=\"https:\/\/tivitify.com\/wp-content\/uploads\/2025\/10\/18UY0344-4-Rev-00-Epilasyon-Uzmani-5.pdf\" target=\"_blank\" rel=\"noopener\">Episayyon Uzman\u0131 MYK Belge Bilgi Kita\u011f\u00e7\u0131\u011f\u0131<\/a><br \/>\n<a href=\"https:\/\/tivitify.com\/wp-content\/uploads\/2025\/10\/16UY0245-4-Rev-02-Kuafor.pdf\">BAY BAYAN KUAF\u00d6R MYK B\u0130LG\u0130 K\u0130TA\u011e\u00c7I\u011eI<\/a><\/p>\n<p>&nbsp;<\/p>\n","protected":false},"excerpt":{"rendered":"<p>G\u00fczellik Uzmanl\u0131\u011f\u0131, Protes T\u0131rnak Uygulayc\u0131s\u0131, Bay Bayan Kuaf\u00f6r MYK belgelerini se\u00e7ebilirsiniz.<\/p>\n","protected":false},"featured_media":92,"comment_status":"open","ping_status":"closed","template":"","meta":[],"product_brand":[],"product_cat":[17],"product_tag":[],"class_list":{"0":"post-138","1":"product","2":"type-product","3":"status-publish","4":"has-post-thumbnail","6":"product_cat-myk-belgeleri","8":"first","9":"instock","10":"taxable","11":"shipping-taxable","12":"purchasable","13":"product-type-variable"},"_links":{"self":[{"href":"https:\/\/tivitify.com\/index.php?rest_route=\/wp\/v2\/product\/138","targetHints":{"allow":["GET"]}}],"collection":[{"href":"https:\/\/tivitify.com\/index.php?rest_route=\/wp\/v2\/product"}],"about":[{"href":"https:\/\/tivitify.com\/index.php?rest_route=\/wp\/v2\/types\/product"}],"replies":[{"embeddable":true,"href":"https:\/\/tivitify.com\/index.php?rest_route=%2Fwp%2Fv2%2Fcomments&post=138"}],"wp:featuredmedia":[{"embeddable":true,"href":"https:\/\/tivitify.com\/index.php?rest_route=\/wp\/v2\/media\/92"}],"wp:attachment":[{"href":"https:\/\/tivitify.com\/index.php?rest_route=%2Fwp%2Fv2%2Fmedia&parent=138"}],"wp:term":[{"taxonomy":"product_brand","embeddable":true,"href":"https:\/\/tivitify.com\/index.php?rest_route=%2Fwp%2Fv2%2Fproduct_brand&post=138"},{"taxonomy":"product_cat","embeddable":true,"href":"https:\/\/tivitify.com\/index.php?rest_route=%2Fwp%2Fv2%2Fproduct_cat&post=138"},{"taxonomy":"product_tag","embeddable":true,"href":"https:\/\/tivitify.com\/index.php?rest_route=%2Fwp%2Fv2%2Fproduct_tag&post=138"}],"curies":[{"name":"wp","href":"https:\/\/api.w.org\/{rel}","templated":true}]}}