{"id":114,"date":"2025-10-15T21:28:26","date_gmt":"2025-10-15T21:28:26","guid":{"rendered":"https:\/\/tivitify.com\/?post_type=product&#038;p=114"},"modified":"2025-10-29T20:07:16","modified_gmt":"2025-10-29T20:07:16","slug":"finansal-danismanlik","status":"publish","type":"product","link":"https:\/\/tivitify.com\/?product=finansal-danismanlik","title":{"rendered":"Finansal Dan\u0131\u015fmanl\u0131k"},"content":{"rendered":"<p>Ulusal ve Global piyasalrda otomatik bir \u015fekilde i\u015flem olu\u015fturabilen altyap\u0131m\u0131z ile finansal getirinizi maksimize ediyoruz.\u00a0 Y\u00fckselen hisselerden en iyi \u015fekilde yararlanmak istiyorsan\u0131z do\u011fru yerdesiniz!<\/p>\n<p>Birden fazla indikat\u00f6r ve m\u00fchendisin \u00e7al\u0131\u015farak olu\u015fturdu\u011fu yapay zeka ile kazanmaya haz\u0131rlan\u0131n. Yat\u0131r\u0131m\u0131n\u0131z di\u011fer yat\u0131r\u0131m ara\u00e7lar\u0131ndan daha fazla getiri sa\u011flayacak ve gelirinizi maksimize edebilirsiniz.<\/p>\n<p>5.000 Dolar ve kat\u015far\u0131 olarak istedi\u011finiz kadar yat\u0131r\u0131m yapabilir ayl\u0131k rapor alabilir ve istedi\u011finiz zaman i\u015flemden \u00e7ekilebilirsiniz.<\/p>\n","protected":false},"excerpt":{"rendered":"<p>Ulusal ve Global piyasalrda otomatik bir \u015fekilde i\u015flem olu\u015fturabilen altyap\u0131m\u0131z ile finansal getirinizi maksimize ediyoruz.<\/p>\n","protected":false},"featured_media":193,"comment_status":"open","ping_status":"closed","template":"","meta":[],"product_brand":[],"product_cat":[26],"product_tag":[],"class_list":{"0":"post-114","1":"product","2":"type-product","3":"status-publish","4":"has-post-thumbnail","6":"product_cat-finansal-danosmanlik","8":"first","9":"instock","10":"taxable","11":"shipping-taxable","12":"purchasable","13":"product-type-simple"},"_links":{"self":[{"href":"https:\/\/tivitify.com\/index.php?rest_route=\/wp\/v2\/product\/114","targetHints":{"allow":["GET"]}}],"collection":[{"href":"https:\/\/tivitify.com\/index.php?rest_route=\/wp\/v2\/product"}],"about":[{"href":"https:\/\/tivitify.com\/index.php?rest_route=\/wp\/v2\/types\/product"}],"replies":[{"embeddable":true,"href":"https:\/\/tivitify.com\/index.php?rest_route=%2Fwp%2Fv2%2Fcomments&post=114"}],"wp:featuredmedia":[{"embeddable":true,"href":"https:\/\/tivitify.com\/index.php?rest_route=\/wp\/v2\/media\/193"}],"wp:attachment":[{"href":"https:\/\/tivitify.com\/index.php?rest_route=%2Fwp%2Fv2%2Fmedia&parent=114"}],"wp:term":[{"taxonomy":"product_brand","embeddable":true,"href":"https:\/\/tivitify.com\/index.php?rest_route=%2Fwp%2Fv2%2Fproduct_brand&post=114"},{"taxonomy":"product_cat","embeddable":true,"href":"https:\/\/tivitify.com\/index.php?rest_route=%2Fwp%2Fv2%2Fproduct_cat&post=114"},{"taxonomy":"product_tag","embeddable":true,"href":"https:\/\/tivitify.com\/index.php?rest_route=%2Fwp%2Fv2%2Fproduct_tag&post=114"}],"curies":[{"name":"wp","href":"https:\/\/api.w.org\/{rel}","templated":true}]}}