{"id":105,"date":"2025-10-15T20:54:21","date_gmt":"2025-10-15T20:54:21","guid":{"rendered":"https:\/\/tivitify.com\/?post_type=product&#038;p=105"},"modified":"2025-10-15T21:05:49","modified_gmt":"2025-10-15T21:05:49","slug":"sut-ve-kirmizi-et-uretimi","status":"publish","type":"product","link":"https:\/\/tivitify.com\/?product=sut-ve-kirmizi-et-uretimi","title":{"rendered":"S\u00fct ve K\u0131rm\u0131z\u0131 Et \u00dcretimi Proje Dan\u0131\u015fmanl\u0131\u011f\u0131"},"content":{"rendered":"<div class=\"real3dflipbook\" id=\"0_69fc90a1c0bc3\" style=\"position:absolute;\"><\/div>\n","protected":false},"excerpt":{"rendered":"","protected":false},"featured_media":106,"comment_status":"open","ping_status":"closed","template":"","meta":[],"product_brand":[],"product_cat":[22,24],"product_tag":[],"class_list":{"0":"post-105","1":"product","2":"type-product","3":"status-publish","4":"has-post-thumbnail","6":"product_cat-tarim-destekleri","7":"product_cat-tarim-destekleri-devlet-destekleri","9":"first","10":"instock","11":"taxable","12":"shipping-taxable","13":"purchasable","14":"product-type-simple"},"_links":{"self":[{"href":"https:\/\/tivitify.com\/index.php?rest_route=\/wp\/v2\/product\/105","targetHints":{"allow":["GET"]}}],"collection":[{"href":"https:\/\/tivitify.com\/index.php?rest_route=\/wp\/v2\/product"}],"about":[{"href":"https:\/\/tivitify.com\/index.php?rest_route=\/wp\/v2\/types\/product"}],"replies":[{"embeddable":true,"href":"https:\/\/tivitify.com\/index.php?rest_route=%2Fwp%2Fv2%2Fcomments&post=105"}],"wp:featuredmedia":[{"embeddable":true,"href":"https:\/\/tivitify.com\/index.php?rest_route=\/wp\/v2\/media\/106"}],"wp:attachment":[{"href":"https:\/\/tivitify.com\/index.php?rest_route=%2Fwp%2Fv2%2Fmedia&parent=105"}],"wp:term":[{"taxonomy":"product_brand","embeddable":true,"href":"https:\/\/tivitify.com\/index.php?rest_route=%2Fwp%2Fv2%2Fproduct_brand&post=105"},{"taxonomy":"product_cat","embeddable":true,"href":"https:\/\/tivitify.com\/index.php?rest_route=%2Fwp%2Fv2%2Fproduct_cat&post=105"},{"taxonomy":"product_tag","embeddable":true,"href":"https:\/\/tivitify.com\/index.php?rest_route=%2Fwp%2Fv2%2Fproduct_tag&post=105"}],"curies":[{"name":"wp","href":"https:\/\/api.w.org\/{rel}","templated":true}]}}